{"id":3,"date":"2022-05-17T21:12:54","date_gmt":"2022-05-17T21:12:54","guid":{"rendered":"https:\/\/www.hairandmakeupbyana.com\/es\/?page_id=3"},"modified":"2022-06-28T22:33:28","modified_gmt":"2022-06-28T22:33:28","slug":"politicas-privacidad","status":"publish","type":"page","link":"https:\/\/www.hairandmakeupbyana.com\/es\/politicas-privacidad\/","title":{"rendered":"Politicas De Privacidad"},"content":{"rendered":"[vc_row type=&#8221;full_width_background&#8221; full_screen_row_position=&#8221;middle&#8221; column_margin=&#8221;default&#8221; column_direction=&#8221;default&#8221; column_direction_tablet=&#8221;default&#8221; column_direction_phone=&#8221;default&#8221; bg_image=&#8221;1006&#8243; bg_position=&#8221;left top&#8221; background_image_loading=&#8221;default&#8221; bg_repeat=&#8221;no-repeat&#8221; scene_position=&#8221;center&#8221; top_padding=&#8221;10%&#8221; bottom_padding=&#8221;12%&#8221; text_color=&#8221;dark&#8221; text_align=&#8221;left&#8221; row_border_radius=&#8221;none&#8221; row_border_radius_applies=&#8221;bg&#8221; overflow=&#8221;visible&#8221; color_overlay=&#8221;#000000&#8243; color_overlay_2=&#8221;rgba(0,0,0,0.01)&#8221; advanced_gradient_angle=&#8221;283&#8243; overlay_strength=&#8221;0.5&#8243; gradient_direction=&#8221;left_to_right&#8221; enable_shape_divider=&#8221;true&#8221; shape_divider_color=&#8221;#ffffff&#8221; shape_divider_position=&#8221;bottom&#8221; shape_divider_height=&#8221;100px&#8221; bg_image_animation=&#8221;none&#8221; parallax_bg=&#8221;true&#8221; parallax_bg_speed=&#8221;fast&#8221; gradient_type=&#8221;default&#8221; shape_type=&#8221;curve_asym&#8221;][vc_column column_padding=&#8221;no-extra-padding&#8221; column_padding_tablet=&#8221;inherit&#8221; column_padding_phone=&#8221;inherit&#8221; column_padding_position=&#8221;all&#8221; column_element_spacing=&#8221;default&#8221; background_color_opacity=&#8221;1&#8243; background_hover_color_opacity=&#8221;1&#8243; column_shadow=&#8221;none&#8221; column_border_radius=&#8221;none&#8221; column_link_target=&#8221;_self&#8221; column_position=&#8221;default&#8221; gradient_direction=&#8221;left_to_right&#8221; overlay_strength=&#8221;0.3&#8243; width=&#8221;1\/2&#8243; tablet_width_inherit=&#8221;default&#8221; tablet_text_alignment=&#8221;default&#8221; phone_text_alignment=&#8221;default&#8221; animation_type=&#8221;default&#8221; bg_image_animation=&#8221;none&#8221; border_type=&#8221;simple&#8221; column_border_width=&#8221;none&#8221; column_border_style=&#8221;solid&#8221;][\/vc_column][vc_column column_padding=&#8221;no-extra-padding&#8221; column_padding_tablet=&#8221;inherit&#8221; column_padding_phone=&#8221;inherit&#8221; column_padding_position=&#8221;all&#8221; column_element_spacing=&#8221;default&#8221; background_color_opacity=&#8221;1&#8243; background_hover_color_opacity=&#8221;1&#8243; column_shadow=&#8221;none&#8221; column_border_radius=&#8221;none&#8221; column_link_target=&#8221;_self&#8221; column_position=&#8221;default&#8221; gradient_direction=&#8221;left_to_right&#8221; overlay_strength=&#8221;0.3&#8243; width=&#8221;1\/2&#8243; tablet_width_inherit=&#8221;default&#8221; tablet_text_alignment=&#8221;default&#8221; phone_text_alignment=&#8221;default&#8221; animation_type=&#8221;default&#8221; bg_image_animation=&#8221;none&#8221; border_type=&#8221;simple&#8221; column_border_width=&#8221;none&#8221; column_border_style=&#8221;solid&#8221;][\/vc_column][\/vc_row][vc_row type=&#8221;full_width_background&#8221; full_screen_row_position=&#8221;middle&#8221; column_margin=&#8221;default&#8221; column_direction=&#8221;default&#8221; column_direction_tablet=&#8221;default&#8221; column_direction_phone=&#8221;default&#8221; bg_color=&#8221;#ffffff&#8221; scene_position=&#8221;center&#8221; top_padding=&#8221;3%&#8221; bottom_padding=&#8221;5%&#8221; left_padding_desktop=&#8221;8%&#8221; constrain_group_2=&#8221;yes&#8221; right_padding_desktop=&#8221;8%&#8221; top_padding_tablet=&#8221;20%&#8221; bottom_padding_tablet=&#8221;10%&#8221; constrain_group_8=&#8221;yes&#8221; text_color=&#8221;dark&#8221; text_align=&#8221;left&#8221; row_border_radius=&#8221;none&#8221; row_border_radius_applies=&#8221;bg&#8221; overflow=&#8221;visible&#8221; advanced_gradient_angle=&#8221;0&#8243; overlay_strength=&#8221;0.3&#8243; gradient_direction=&#8221;left_to_right&#8221; shape_divider_position=&#8221;bottom&#8221; bg_image_animation=&#8221;none&#8221; shape_type=&#8221;&#8221; gradient_type=&#8221;default&#8221;][vc_column column_padding=&#8221;padding-4-percent&#8221; column_padding_tablet=&#8221;inherit&#8221; column_padding_phone=&#8221;inherit&#8221; column_padding_position=&#8221;bottom&#8221; column_element_spacing=&#8221;default&#8221; background_color_opacity=&#8221;1&#8243; background_hover_color_opacity=&#8221;1&#8243; column_shadow=&#8221;none&#8221; column_border_radius=&#8221;none&#8221; column_link_target=&#8221;_self&#8221; column_position=&#8221;default&#8221; advanced_gradient_angle=&#8221;0&#8243; gradient_direction=&#8221;left_to_right&#8221; overlay_strength=&#8221;0.3&#8243; width=&#8221;1\/1&#8243; tablet_width_inherit=&#8221;default&#8221; tablet_text_alignment=&#8221;default&#8221; phone_text_alignment=&#8221;default&#8221; animation_type=&#8221;default&#8221; bg_image_animation=&#8221;none&#8221; border_type=&#8221;advanced&#8221; column_border_style=&#8221;dashed&#8221; gradient_type=&#8221;default&#8221;][vc_row_inner column_margin=&#8221;default&#8221; column_direction=&#8221;default&#8221; column_direction_tablet=&#8221;default&#8221; column_direction_phone=&#8221;default&#8221; right_padding_desktop=&#8221;20%&#8221; text_align=&#8221;left&#8221; row_position=&#8221;default&#8221; row_position_tablet=&#8221;inherit&#8221; row_position_phone=&#8221;inherit&#8221; overflow=&#8221;visible&#8221; pointer_events=&#8221;all&#8221;][vc_column_inner column_padding=&#8221;no-extra-padding&#8221; column_padding_tablet=&#8221;inherit&#8221; column_padding_phone=&#8221;inherit&#8221; column_padding_position=&#8221;all&#8221; column_element_spacing=&#8221;default&#8221; background_color_opacity=&#8221;1&#8243; background_hover_color_opacity=&#8221;1&#8243; column_shadow=&#8221;none&#8221; column_border_radius=&#8221;none&#8221; column_link_target=&#8221;_self&#8221; advanced_gradient_angle=&#8221;0&#8243; gradient_direction=&#8221;left_to_right&#8221; overlay_strength=&#8221;0.3&#8243; width=&#8221;1\/6&#8243; tablet_width_inherit=&#8221;default&#8221; animation_type=&#8221;default&#8221; bg_image_animation=&#8221;none&#8221; border_type=&#8221;simple&#8221; column_border_width=&#8221;none&#8221; column_border_style=&#8221;solid&#8221; gradient_type=&#8221;default&#8221;][\/vc_column_inner][vc_column_inner column_padding=&#8221;no-extra-padding&#8221; column_padding_tablet=&#8221;inherit&#8221; column_padding_phone=&#8221;inherit&#8221; column_padding_position=&#8221;all&#8221; column_element_spacing=&#8221;default&#8221; background_color_opacity=&#8221;1&#8243; background_hover_color_opacity=&#8221;1&#8243; column_shadow=&#8221;none&#8221; column_border_radius=&#8221;none&#8221; column_link_target=&#8221;_self&#8221; advanced_gradient_angle=&#8221;0&#8243; gradient_direction=&#8221;left_to_right&#8221; overlay_strength=&#8221;0.3&#8243; width=&#8221;2\/3&#8243; tablet_width_inherit=&#8221;default&#8221; animation_type=&#8221;default&#8221; bg_image_animation=&#8221;none&#8221; border_type=&#8221;simple&#8221; column_border_width=&#8221;none&#8221; column_border_style=&#8221;solid&#8221; gradient_type=&#8221;default&#8221;][vc_column_text css_animation=&#8221;fadeInUp&#8221;]\n<h1 style=\"text-align: center;\">Politicas De Privacidad<\/h1>\n[\/vc_column_text][\/vc_column_inner][vc_column_inner column_padding=&#8221;no-extra-padding&#8221; column_padding_tablet=&#8221;inherit&#8221; column_padding_phone=&#8221;inherit&#8221; column_padding_position=&#8221;all&#8221; column_element_spacing=&#8221;default&#8221; background_color_opacity=&#8221;1&#8243; background_hover_color_opacity=&#8221;1&#8243; column_shadow=&#8221;none&#8221; column_border_radius=&#8221;none&#8221; column_link_target=&#8221;_self&#8221; advanced_gradient_angle=&#8221;0&#8243; gradient_direction=&#8221;left_to_right&#8221; overlay_strength=&#8221;0.3&#8243; width=&#8221;1\/6&#8243; tablet_width_inherit=&#8221;default&#8221; animation_type=&#8221;default&#8221; bg_image_animation=&#8221;none&#8221; border_type=&#8221;simple&#8221; column_border_width=&#8221;none&#8221; column_border_style=&#8221;solid&#8221; gradient_type=&#8221;default&#8221;][\/vc_column_inner][\/vc_row_inner][vc_row_inner equal_height=&#8221;yes&#8221; content_placement=&#8221;middle&#8221; column_margin=&#8221;default&#8221; column_direction=&#8221;default&#8221; column_direction_tablet=&#8221;default&#8221; column_direction_phone=&#8221;default&#8221; top_padding=&#8221;15&#8243; text_align=&#8221;left&#8221; row_position=&#8221;default&#8221; row_position_tablet=&#8221;inherit&#8221; row_position_phone=&#8221;inherit&#8221; overflow=&#8221;visible&#8221; pointer_events=&#8221;all&#8221;][vc_column_inner column_padding=&#8221;no-extra-padding&#8221; column_padding_tablet=&#8221;inherit&#8221; column_padding_phone=&#8221;inherit&#8221; column_padding_position=&#8221;all&#8221; column_element_spacing=&#8221;default&#8221; background_color_opacity=&#8221;1&#8243; background_hover_color_opacity=&#8221;1&#8243; column_shadow=&#8221;none&#8221; column_border_radius=&#8221;none&#8221; column_link_target=&#8221;_self&#8221; advanced_gradient_angle=&#8221;0&#8243; gradient_direction=&#8221;left_to_right&#8221; overlay_strength=&#8221;0.3&#8243; width=&#8221;1\/12&#8243; tablet_width_inherit=&#8221;default&#8221; animation_type=&#8221;default&#8221; bg_image_animation=&#8221;none&#8221; border_type=&#8221;simple&#8221; column_border_width=&#8221;none&#8221; column_border_style=&#8221;solid&#8221; gradient_type=&#8221;default&#8221;][\/vc_column_inner][vc_column_inner column_padding=&#8221;no-extra-padding&#8221; column_padding_tablet=&#8221;inherit&#8221; column_padding_phone=&#8221;inherit&#8221; column_padding_position=&#8221;all&#8221; column_element_spacing=&#8221;default&#8221; background_color_opacity=&#8221;1&#8243; background_hover_color_opacity=&#8221;1&#8243; column_shadow=&#8221;none&#8221; column_border_radius=&#8221;none&#8221; column_link_target=&#8221;_self&#8221; advanced_gradient_angle=&#8221;0&#8243; gradient_direction=&#8221;left_to_right&#8221; overlay_strength=&#8221;0.3&#8243; width=&#8221;5\/6&#8243; tablet_width_inherit=&#8221;default&#8221; animation_type=&#8221;default&#8221; bg_image_animation=&#8221;none&#8221; border_type=&#8221;simple&#8221; column_border_width=&#8221;none&#8221; column_border_style=&#8221;solid&#8221; gradient_type=&#8221;default&#8221;][vc_column_text el_class=&#8221;first-content&#8221;]\n<h3><span style=\"font-weight: 400;\">ENTIDAD RESPONSABLE<\/span><\/h3>\n<p><span style=\"font-weight: 400;\">Hair And Makeup By Ana tiene su domicilio en 740 Barchester Dr, San Antonio Texas, 78216. Nuestro Delegado de Protecci\u00f3n de Datos es Iv\u00e1n Torres y se encuentra en el mismo domicilio, puede contactar con \u00e9l a trav\u00e9s del correo electr\u00f3nico: info@hairandmakeupbyana.com. Una de las prioridades de Hair And Makeup By Ana es respetar la privacidad de sus usuarios y mantener segura la informaci\u00f3n y los datos personales que recopila. Asimismo, Hair And Makeup By Ana informar\u00e1 al usuario qu\u00e9 tipo de datos recaba, c\u00f3mo los almacena, la finalidad del fichero, c\u00f3mo los protege, el alcance de su compromiso de confidencialidad y los derechos que le asisten como titular. de la informaci\u00f3n<\/span><\/p>\n<h3><span style=\"font-weight: 400;\">INFORMACI\u00d3N PERSONAL\u00a0<\/span><\/h3>\n<p><span style=\"font-weight: 400;\">En Hair And Makeup By Ana recopilamos informaci\u00f3n de varias \u00e1reas de nuestros sitios web. Para cada uno de estos sitios, la informaci\u00f3n solicitada es diferente y se almacena en bases de datos separadas. La informaci\u00f3n debe ser verdadera y completa. El usuario responder\u00e1 en todo momento de los datos facilitados y en ning\u00fan caso Hair And Makeup By Ana ser\u00e1 responsable de los mismos. Entre los datos que se solicitan al usuario en la p\u00e1gina de Peluquer\u00eda y Maquillaje By Ana se encuentra el formulario de contacto:<\/span><\/p>\n<ul>\n<li style=\"font-weight: 400;\" aria-level=\"1\"><span style=\"font-weight: 400;\">Nombre completo<\/span><\/li>\n<li style=\"font-weight: 400;\" aria-level=\"1\"><span style=\"font-weight: 400;\">Correo electr\u00f3nico<\/span><\/li>\n<li style=\"font-weight: 400;\" aria-level=\"1\"><span style=\"font-weight: 400;\">Tel\u00e9fono<\/span><\/li>\n<\/ul>\n<h3><span style=\"font-weight: 400;\">QU\u00c9 SON LAS COOKIES Y C\u00d3MO SE UTILIZAN<\/span><\/h3>\n<p><span style=\"font-weight: 400;\">Las cookies son peque\u00f1os archivos de informaci\u00f3n que el sitio web env\u00eda a su navegador y se almacenan en disco duro de su computadora y se utilizan para determinar sus preferencias cuando se conecta a los servicios de nuestros sitios, as\u00ed como para rastrear ciertos comportamientos. o actividades realizadas por usted dentro de nuestros sitios. En algunas secciones de nuestro sitio requerimos que el cliente tenga habilitadas las cookies ya que algunas de las funcionalidades requieren que funcionen. Las cookies nos permiten: a) reconocerlo cuando ingresa a nuestros sitios y ofrecerle una experiencia personalizada, b) conocer la configuraci\u00f3n personal del sitio especificado por usted, por ejemplo, las cookies nos permiten detectar el ancho de banda que ha seleccionado al ingresar la p\u00e1gina de inicio de nuestros sitios, de tal forma que sepamos qu\u00e9 tipo de informaci\u00f3n es recomendable descargar, c) calcular el tama\u00f1o de nuestra audiencia y medir algunos par\u00e1metros de tr\u00e1fico, ya que cada navegador que accede a nuestros sitios adquiere una cookie que se utiliza para determinar la frecuencia de uso y las secciones de los sitios visitados, reflejando as\u00ed sus h\u00e1bitos y preferencias, informaci\u00f3n que nos es \u00fatil para mejorar contenidos, titulares y promociones para los usuarios. Las cookies tambi\u00e9n nos ayudan a rastrear algunas actividades, por ejemplo, en algunas de las encuestas que lanzamos en l\u00ednea, podemos usar cookies para detectar si el usuario ya complet\u00f3 la encuesta y evitar mostrarla nuevamente, si es as\u00ed. Sin embargo, las cookies le permitir\u00e1n aprovechar las funciones m\u00e1s beneficiosas que le ofrecemos, por lo que le recomendamos que las deje habilitadas. El uso de cookies no se utilizar\u00e1 para identificar a los usuarios, excepto en los casos en que se investiguen posibles actividades fraudulentas.<\/span><\/p>\n<h3><span style=\"font-weight: 400;\">USO DE LA INFORMACI\u00d3N<\/span><\/h3>\n<p><span style=\"font-weight: 400;\">La informaci\u00f3n solicitada permite a Hair And Makeup By Ana contactar con los usuarios y potenciales clientes, cuando sea necesario para realizar los tr\u00e1mites de contrataci\u00f3n, as\u00ed como contactar con los usuarios. Asimismo, Hair And Makeup By Ana utilizar\u00e1 la informaci\u00f3n obtenida para:<\/span><\/p>\n<ul>\n<li style=\"font-weight: 400;\" aria-level=\"1\"><span style=\"font-weight: 400;\">Buscar un servicio eficiente<\/span><\/li>\n<li style=\"font-weight: 400;\" aria-level=\"1\"><span style=\"font-weight: 400;\">Informar sobre nuevos productos o servicios que tengan relaci\u00f3n con el contratado o adquirido por el cliente<\/span><\/li>\n<li style=\"font-weight: 400;\" aria-level=\"1\"><span style=\"font-weight: 400;\">Dar cumplimiento a obligaciones con nuestros clientes<\/span><\/li>\n<li style=\"font-weight: 400;\" aria-level=\"1\"><span style=\"font-weight: 400;\">Informar cambios en nuestros productos o servicios<\/span><\/li>\n<li style=\"font-weight: 400;\" aria-level=\"1\"><span style=\"font-weight: 400;\">Brindar un mejor servicio al cliente.<\/span><\/li>\n<\/ul>\n<h3><span style=\"font-weight: 400;\">LIMITACI\u00d3N DE USO Y DIVULGACI\u00d3N DE INFORMACI\u00d3N<\/span><\/h3>\n<p><span style=\"font-weight: 400;\">En nuestro programa de notificaci\u00f3n de promociones, ofertas y servicios v\u00eda correo electr\u00f3nico, \u00fanicamente Hair And Makeup By Ana tiene acceso a la informaci\u00f3n recabada. Este tipo de publicidad se realiza a trav\u00e9s de avisos y mensajes de correo electr\u00f3nico promocionales, los cuales solo ser\u00e1n enviados a usted y a aquellos contactos registrados para tal fin, esta indicaci\u00f3n podr\u00e1 ser modificada en cualquier momento. En los correos electr\u00f3nicos enviados, ocasionalmente se pueden incluir ofertas de terceros que son nuestros socios comerciales. En el caso del uso de cookies, el bot\u00f3n de \u201cayuda\u201d que se encuentra en la barra de herramientas de la mayor\u00eda de los navegadores le indicar\u00e1 c\u00f3mo evitar aceptar nuevas cookies, c\u00f3mo hacer que el navegador le notifique cuando recibe una nueva cookie o c\u00f3mo deshabilitar todas las cookies. .<\/span><\/p>\n<h3><span style=\"font-weight: 400;\">CESIONES DE INFORMACI\u00d3N A TERCEROS\u00a0<\/span><\/h3>\n<p><span style=\"font-weight: 400;\">Hair And Makeup By Ana \u00fanicamente transfiere informaci\u00f3n con empresas de alojamiento web con las que mantiene una relaci\u00f3n jur\u00eddica vigente con la finalidad de mantener, actualizar y administrar sus sitios web, a trav\u00e9s de las cuales informa a sus contratistas y usuarios sobre actividades, promociones . , eventos, estudios e iniciativas de la industria.<\/span><\/p>\n<h3><span style=\"font-weight: 400;\">DATOS PERSONALES SENSIBLES\u00a0<\/span><\/h3>\n<p><span style=\"font-weight: 400;\">De conformidad con la legislaci\u00f3n de los Estados Unidos de Am\u00e9rica, trat\u00e1ndose de datos personales sensibles, el responsable deber\u00e1 obtener el consentimiento expreso y por escrito del titular, mediante su firma manuscrita, firma electr\u00f3nica o cualquier mecanismo de autenticaci\u00f3n establecido para tal efecto. . La seguridad y confidencialidad de los datos que los usuarios faciliten al contratar un servicio o comprar un producto online estar\u00e1n protegidas por un servidor seguro bajo el protocolo Secure Socket Layer (SSL), de tal forma que los datos enviados se transmitir\u00e1n cifrados para garantizar tu salvaguardia. Para verificar que se encuentra en un entorno protegido, aseg\u00farese de que aparezca una S en la barra de navegaci\u00f3n. Ejemplo: https: \/\/. Sin embargo, ya pesar de contar cada d\u00eda con herramientas m\u00e1s seguras, la protecci\u00f3n de los datos enviados a trav\u00e9s de Internet no se puede garantizar al 100%; por lo que una vez recibido, se har\u00e1 todo lo posible para salvaguardar la informaci\u00f3n.<\/span><\/p>\n<h3><span style=\"font-weight: 400;\">CAMBIOS AL AVISO DE PRIVACIDAD<\/span><\/h3>\n<p><span style=\"font-weight: 400;\">Nos reservamos el derecho de realizar modificaciones o actualizaciones al presente aviso de privacidad en cualquier momento, con el objeto de atender novedades legislativas o jurisprudenciales, pol\u00edticas internas, nuevos requerimientos para la prestaci\u00f3n u ofrecimiento de nuestros servicios o productos y pr\u00e1cticas de mercado. . Estas modificaciones estar\u00e1n disponibles al p\u00fablico a trav\u00e9s de los siguientes medios: (i) anuncios visibles en nuestros establecimientos o centros de atenci\u00f3n al cliente; (ii) folletos o folletos disponibles en nuestros establecimientos o centros de atenci\u00f3n al cliente; (iii) en nuestra web https:\/\/www.hairandmakeupbyana.com\/es (iv) o te las enviaremos al \u00faltimo correo electr\u00f3nico que nos hayas facilitado. La fecha de la \u00faltima actualizaci\u00f3n de este aviso de privacidad: 25 de octubre de 2021.<\/span><\/p>\n<h3><span style=\"font-weight: 400;\">ACEPTACI\u00d3N DE T\u00c9RMINOS\u00a0<\/span><\/h3>\n<p><span style=\"font-weight: 400;\">Esta declaraci\u00f3n de Confidencialidad \/ Privacidad est\u00e1 sujeta https:\/\/www.Hair And Makeup By Ana a los t\u00e9rminos y condiciones de todos Hair And Makeup By Ana sitios web descritos anteriormente, lo que constituye un acuerdo legal entre el usuario y Hair And Makeup By Ana. Si el usuario utiliza los servicios en cualquiera de los sitios de Hair And Makeup By Ana, significa que ha le\u00eddo, entendido y aceptado los t\u00e9rminos establecidos anteriormente. Si no est\u00e1 de acuerdo con ellas, el usuario no debe proporcionar ninguna informaci\u00f3n personal, ni utilizar los servicios de los sitios Hair And Makeup By Ana.<\/span><\/p>\n<p><span style=\"font-weight: 400;\">Estimado usuario, se le notifica que el Aviso de Privacidad ha sido modificado el 07 de junio de 2022.<\/span>[\/vc_column_text][\/vc_column_inner][vc_column_inner column_padding=&#8221;no-extra-padding&#8221; column_padding_tablet=&#8221;inherit&#8221; column_padding_phone=&#8221;inherit&#8221; column_padding_position=&#8221;all&#8221; column_element_spacing=&#8221;default&#8221; background_color_opacity=&#8221;1&#8243; background_hover_color_opacity=&#8221;1&#8243; column_shadow=&#8221;none&#8221; column_border_radius=&#8221;none&#8221; column_link_target=&#8221;_self&#8221; advanced_gradient_angle=&#8221;0&#8243; gradient_direction=&#8221;left_to_right&#8221; overlay_strength=&#8221;0.3&#8243; width=&#8221;1\/12&#8243; tablet_width_inherit=&#8221;default&#8221; animation_type=&#8221;default&#8221; bg_image_animation=&#8221;none&#8221; border_type=&#8221;simple&#8221; column_border_width=&#8221;none&#8221; column_border_style=&#8221;solid&#8221; gradient_type=&#8221;default&#8221;][\/vc_column_inner][\/vc_row_inner][\/vc_column][\/vc_row]\n","protected":false},"excerpt":{"rendered":"<p>[vc_row type=&#8221;full_width_background&#8221; full_screen_row_position=&#8221;middle&#8221; column_margin=&#8221;default&#8221; column_direction=&#8221;default&#8221; column_direction_tablet=&#8221;default&#8221; column_direction_phone=&#8221;default&#8221; bg_image=&#8221;1006&#8243; bg_position=&#8221;left top&#8221; background_image_loading=&#8221;default&#8221; bg_repeat=&#8221;no-repeat&#8221; scene_position=&#8221;center&#8221; top_padding=&#8221;10%&#8221; bottom_padding=&#8221;12%&#8221; text_color=&#8221;dark&#8221; text_align=&#8221;left&#8221; row_border_radius=&#8221;none&#8221; row_border_radius_applies=&#8221;bg&#8221; overflow=&#8221;visible&#8221; color_overlay=&#8221;#000000&#8243; color_overlay_2=&#8221;rgba(0,0,0,0.01)&#8221; advanced_gradient_angle=&#8221;283&#8243; overlay_strength=&#8221;0.5&#8243; gradient_direction=&#8221;left_to_right&#8221; enable_shape_divider=&#8221;true&#8221; shape_divider_color=&#8221;#ffffff&#8221; shape_divider_position=&#8221;bottom&#8221; shape_divider_height=&#8221;100px&#8221; bg_image_animation=&#8221;none&#8221;&#8230;<\/p>\n","protected":false},"author":1,"featured_media":0,"parent":0,"menu_order":0,"comment_status":"closed","ping_status":"open","template":"","meta":{"footnotes":""},"class_list":["post-3","page","type-page","status-publish"],"_links":{"self":[{"href":"https:\/\/www.hairandmakeupbyana.com\/es\/wp-json\/wp\/v2\/pages\/3","targetHints":{"allow":["GET"]}}],"collection":[{"href":"https:\/\/www.hairandmakeupbyana.com\/es\/wp-json\/wp\/v2\/pages"}],"about":[{"href":"https:\/\/www.hairandmakeupbyana.com\/es\/wp-json\/wp\/v2\/types\/page"}],"author":[{"embeddable":true,"href":"https:\/\/www.hairandmakeupbyana.com\/es\/wp-json\/wp\/v2\/users\/1"}],"replies":[{"embeddable":true,"href":"https:\/\/www.hairandmakeupbyana.com\/es\/wp-json\/wp\/v2\/comments?post=3"}],"version-history":[{"count":0,"href":"https:\/\/www.hairandmakeupbyana.com\/es\/wp-json\/wp\/v2\/pages\/3\/revisions"}],"wp:attachment":[{"href":"https:\/\/www.hairandmakeupbyana.com\/es\/wp-json\/wp\/v2\/media?parent=3"}],"curies":[{"name":"wp","href":"https:\/\/api.w.org\/{rel}","templated":true}]}}